{"id":4419,"date":"2023-12-11T17:45:02","date_gmt":"2023-12-11T20:45:02","guid":{"rendered":"https:\/\/o-s-p-l.org\/index.php\/discapacidad-copy\/"},"modified":"2026-04-08T17:12:09","modified_gmt":"2026-04-08T20:12:09","slug":"discapacidad-2026","status":"publish","type":"page","link":"https:\/\/ospl.ar\/index.php\/discapacidad-2026\/","title":{"rendered":"DISCAPACIDAD 2026\/ NOVEDADES 2026"},"content":{"rendered":"<section class=\"wpb-content-wrapper\"><p>[vc_row css=&#8221;.vc_custom_1692288943315{padding-top: 55px !important;padding-bottom: 15px !important;background-color: #008fd3 !important;}&#8221;][vc_column][vc_row_inner][vc_column_inner][vc_column_text]<\/p>\n<h1 style=\"color: white; text-align: center;\">DISCAPACIDAD 2026<\/h1>\n<div id=\"gtx-trans\" style=\"position: absolute; left: 210px; top: -1.0625px;\">\n<div class=\"gtx-trans-icon\"><\/div>\n<\/div>\n<p>[\/vc_column_text][\/vc_column_inner][\/vc_row_inner][\/vc_column][\/vc_row][vc_row content_placement=&#8221;middle&#8221; css=&#8221;.vc_custom_1702331331033{padding-top: 80px !important;padding-bottom: 50px !important;}&#8221;][vc_column align=&#8221;text-center&#8221; offset=&#8221;vc_col-md-offset-0 vc_col-md-6&#8243;]<div id=\"ld_images_group_container_69de18a63b0bb\" class=\"liquid-img-group-container ld_images_group_container_69de18a63b0bb\"  >\n\t<div class=\"liquid-img-group-inner\">\n\t\t<div id=\"ld_images_group_element_69de18a63b3a0\" class=\"liquid-img-group-single ld_images_group_element_69de18a63b3a0\" data-shadow-style=\"4\" data-roundness=\"4\" data-inview=\"true\" data-animate-shadow=\"true\">\n\t\n\t\t\n\t<div class=\"liquid-img-group-img-container\">\n\t\t\n\t\t\n\t\t\t\t\n\t\t\t\t<div class=\"liquid-img-container-inner\" >\n\t\t\t<figure ><img width=\"1024\" height=\"576\" src=\"data:image\/svg+xml;charset=utf-8,&lt;svg xmlns%3D&#039;http%3A%2F%2Fwww.w3.org%2F2000%2Fsvg&#039; viewBox%3D&#039;0 0 1024 576&#039;%2F&gt;\" class=\"attachment-full size-full ld-lazyload\" alt=\"\" decoding=\"async\" loading=\"lazy\" srcset=\"\" sizes=\"(max-width: 1024px) 100vw, 1024px\" data-src=\"https:\/\/ospl.ar\/wp-content\/uploads\/2024\/11\/disca.jpg\" data-srcset=\"https:\/\/ospl.ar\/wp-content\/uploads\/2024\/11\/disca.jpg 1024w, https:\/\/ospl.ar\/wp-content\/uploads\/2024\/11\/disca-300x169.jpg 300w\" data-aspect=\"1.7777777777778\" \/><\/figure>\t\t\t\t\t<\/div><!-- \/.liquid-img-container-inner -->\n\t\t\n\t<\/div><!-- \/.liquid-img-group-content -->\n<\/div><!-- \/.liquid-img-group-single -->\n\t\n\t<\/div><!-- \/.liquid-img-group-inner -->\n<\/div><!-- \/.liquid-img-group-container -->[\/vc_column][vc_column enable_content_animation=&#8221;yes&#8221; ca_init_scale_x=&#8221;1&#8243; ca_init_scale_y=&#8221;1&#8243; ca_init_scale_z=&#8221;1&#8243; ca_init_opacity=&#8221;0&#8243; ca_an_scale_x=&#8221;1&#8243; ca_an_scale_y=&#8221;1&#8243; ca_an_scale_z=&#8221;1&#8243; ca_an_opacity=&#8221;1&#8243; offset=&#8221;vc_col-md-6&#8243; responsive_css=&#8221;padding_right_medium:7%25|padding_left_medium:12%25&#8243; ca_duration=&#8221;1600&#8243; ca_delay=&#8221;160&#8243; ca_init_translate_y=&#8221;30&#8243;][vc_column_text]<\/p>\n<h3 class=\"p2\" style=\"text-align: left;\"><b>Ley N\u00ba 24901: c<\/b><b>obertura m\u00e9dica de personas con discapacidad\u00a0<\/b><\/h3>\n<p>[\/vc_column_text][vc_empty_space][vc_column_text]<\/p>\n<p class=\"p2\" style=\"text-align: left;\"><span class=\"s2\">La Obra Social del Personal Ladrillero brinda,\u00a0 a las y los afiliados que <\/span>cuenten con el correspondiente Certificado de Discapacidad expedido por autoridad competente, <span class=\"s2\">la cobertura integral de las prestaciones <\/span>que necesite una persona para su inclusi\u00f3n, habilitaci\u00f3n y\/o rehabilitaci\u00f3n.<\/p>\n<p>[\/vc_column_text]<style>.ld_spacer_69de18a641f7b{height:32px;}<\/style>\n<div class=\"ld-empty-space ld_spacer_69de18a641f7b\"><span class=\"liquid_empty_space_inner\"><\/span><\/div>[\/vc_column][\/vc_row][vc_row css=&#8221;.vc_custom_1693864493439{background-color: #eaeaea !important;}&#8221;][vc_column][vc_empty_space height=&#8221;80px&#8221;][vc_row_inner][vc_column_inner][vc_column_text]<\/p>\n<h3 class=\"p2\" style=\"text-align: left;\"><b>Cartilla discapacidad\u00a0<\/b><\/h3>\n<p>[\/vc_column_text][vc_empty_space][vc_column_text]<\/p>\n<p class=\"p2\" style=\"text-align: left;\"><span class=\"s2\">Se garantiza el acceso integral a la cobertura establecida en la Ley N\u00ba 24.901, que instituye el Sistema de prestaciones b\u00e1sicas en habilitaci\u00f3n y rehabilitaci\u00f3n integral a favor de las personas con discapacidad, y su Decreto reglamentario, en el marco del Nomenclador de Prestaciones B\u00e1sicas para personas con discapacidad seg\u00fan lo establecido por Resoluci\u00f3n N\u00b0 428\/99 MSAL y normas complementarias.<\/span><\/p>\n<p>[\/vc_column_text][vc_empty_space][vc_column_text]<\/p>\n<h5><a href=\"https:\/\/ospl.ar\/wp-content\/uploads\/2025\/05\/RNAS-No110305-RES-No2165-2021-ANEXO-IV-CARTILLA-PRESTADORES-DISCAPACIDAD-2025.pdf\">Cartilla de prestadores de discapacidad<\/a><\/h5>\n<p>[\/vc_column_text][vc_empty_space][vc_column_text]<\/p>\n<p class=\"p1\"><span style=\"color: #ff6600;\">IMPORTANTE:<\/span> la cobertura en todo el pa\u00eds se brinda a trav\u00e9s de establecimientos oficiales detallados <a href=\"https:\/\/apps.snr.gob.ar\/consultarnp\/aplicacion\/prestadores\/prestadores.html\">aqu\u00ed.<\/a><\/p>\n<p>[\/vc_column_text][\/vc_column_inner][\/vc_row_inner][vc_empty_space height=&#8221;80px&#8221;][\/vc_column][\/vc_row][vc_row][vc_column][vc_empty_space height=&#8221;80px&#8221;][vc_row_inner][vc_column_inner][vc_empty_space][vc_empty_space][vc_separator][vc_column_text]<\/p>\n<h3 class=\"p2\" style=\"text-align: left;\"><b>Instructivo y novedades discapacidad 2026<\/b><\/h3>\n<p>&nbsp;<\/p>\n<p>Estimadas familias y prestadores\/as:<br \/>\nPor medio de la presente, adjuntamos el Instructivo para Discapacidad correspondiente al ciclo 2026,<br \/>\ndonde se detalla la documentaci\u00f3n necesaria para dar cobertura a cada tratamiento o prestaci\u00f3n a<br \/>\nrealizar.<br \/>\n\u2022 El inicio de las prestaciones SIN AUTORIZACI\u00d3N PREVIA, resulta RESPONSABILIDAD DEL PRESTADOR\/A y NO OBLIGA a la Obra Social a cubrir las\u00a0 \u00a0 \u00a0 \u00a0 prestaciones.<\/p>\n<p>\u2022 La existencia de cobertura en a\u00f1os anteriores NO IMPLICA la continuidad\u00a0 \u00a0 con la prestaci\u00f3n SIN LA PREVIA AUTORIZACI\u00d3N.<\/p>\n<p>\u2022 LA RECEPCI\u00d3N DE DOCUMENTACI\u00d3N NO SIGNIFICA AUTORIZACI\u00d3N NI COBERTURA SOLICITADA.<\/p>\n<p>\u2022 La documentaci\u00f3n debe ser enviada v\u00eda mail \u00fanicamente a integracion@ospl.ar de manera completa y ordenada, de forma legible, en formato PDF (no se\u00a0 \u00a0 \u00a0 \u00a0 \u00a0 aceptar\u00e1n fotos), por prestaci\u00f3n, y en un mismo mail para poder proceder con la auditor\u00eda.<\/p>\n<p>\u2022 Toda documentaci\u00f3n debe ser enviada sin enmiendas, tachaduras ni correcciones.<\/p>\n<p>\u2022 La documentaci\u00f3n debe ser enviada V\u00cdA E-MAIL, no se recibe instructivo en papel f\u00edsico, ni por whatsapp. S\u00f3lo digital.<\/p>\n<p>\u2022 NO SE RECIBIR\u00c1N ENTREGAS PARCIALES O QUE NO CUMPLAN CON LA DOCUMENTACI\u00d3N SOLICITADA.<\/p>\n<p>&nbsp;[\/vc_column_text]<style>.ld_icon_box_69de18a6420d5 h3{margin-bottom:px;}.ld_icon_box_69de18a6420d5 .iconbox-icon-container{border-radius:px;}<\/style>\n<div class=\"iconbox iconbox-side iconbox-xs ld_icon_box_69de18a6420d5\" id=\"ld_icon_box_69de18a6420d5\"   >\n\t\n\t\t<div class=\"iconbox-icon-wrap\"><span class=\"iconbox-icon-container\"><i class=\"fas fa-file-pdf\"><\/i><\/span><\/div><!-- \/.iconbox-icon-wrap -->\t\n\t\t\n\t<div class=\"contents\">\t\n\t\t<p><a href=\"https:\/\/ospl.ar\/wp-content\/uploads\/2025\/05\/3-FORMULARIOS-COMPLETO-PARA-EL-AFILIADO-Y-EL-MEDICO_A.pdf\">FORMULARIOS COMPLETOS (PARA AFILIADOS\/AS Y PROFESIONALES M\u00c9DICOS)<\/a><\/p>\n\t\t\n\t<\/div>\t\n\t<a href=\"https:\/\/ospl.ar\/wp-content\/uploads\/2026\/04\/OSPL_InstructivoIntegracion.pdf\" title=\"Documentaci\u00f3n Discapacidad 2026\" target=\"_blank\" class=\"liquid-overlay-link z-index-2\"><\/a>\n<\/div>\n<style>.ld_icon_box_69de18a643bff h3{margin-bottom:px;}.ld_icon_box_69de18a643bff .iconbox-icon-container{border-radius:px;}<\/style>\n<div class=\"iconbox iconbox-side iconbox-xs ld_icon_box_69de18a643bff\" id=\"ld_icon_box_69de18a643bff\"   >\n\t\n\t\t<div class=\"iconbox-icon-wrap\"><span class=\"iconbox-icon-container\"><i class=\"fas fa-file-pdf\"><\/i><\/span><\/div><!-- \/.iconbox-icon-wrap -->\t\n\t\t\n\t<div class=\"contents\">\t\n\t\t<p><a href=\"https:\/\/ospl.ar\/wp-content\/uploads\/2026\/04\/MANUAL-CARGA-DE-FACTURAS.pdf\">Instructivo para cargar las facturas al sistema ( solo para m\u00e9dicos\/profesionales )<\/a><\/p>\n\t\t\n\t<\/div>\t\n\t<a href=\"https:\/\/ospl.ar\/wp-content\/uploads\/2026\/04\/MANUAL-CARGA-DE-FACTURAS.pdf\" title=\"Instructivo para cargar las facturas al sistema\" target=\"_blank\" class=\"liquid-overlay-link z-index-2\"><\/a>\n<\/div>\n[\/vc_column_inner][\/vc_row_inner][vc_empty_space height=&#8221;80px&#8221;][\/vc_column][\/vc_row][vc_row equal_height=&#8221;yes&#8221; content_placement=&#8221;middle&#8221; css=&#8221;.vc_custom_1695395238962{padding-top: 20px !important;padding-bottom: 20px !important;background-color: #ff7012 !important;}&#8221;][vc_column][vc_row_inner content_placement=&#8221;middle&#8221;][vc_column_inner width=&#8221;2\/3&#8243;]<style>.ld_fancy_heading_69de18a644b88 h6{font-size:25px;line-height:1.2em;font-weight:600;letter-spacing:-0.015em;color:rgb(255, 255, 255);}@media (min-width: 992px) { .ld_fancy_heading_69de18a644b88 h6 {margin-bottom:0px !important;  }  } .ld_fancy_heading_69de18a644b88 .lqd-highlight-inner{height:0.275em;bottom:0px;}@media (min-width: 992px) { .ld_fancy_heading_69de18a644b88 h6 {margin-bottom:0px !important;  }  } <\/style><div class=\"ld-fancy-heading mask-text text-underline ld_fancy_heading_69de18a644b88\">\n\t<h6 class=\"lqd-highlight-underline lqd-highlight-grow-left\" data-fittext=\"true\" data-fittext-options='{\"compressor\":0.5,\"maxFontSize\":\"currentFontSize\",\"minFontSize\":\"25\"}' data-split-text=\"true\" data-custom-animations=\"true\" data-ca-options='{\"triggerHandler\":\"inview\",\"animationTarget\":\".lqd-lines .split-inner\",\"duration\":700,\"delay\":100,\"easing\":\"easeOutQuint\",\"direction\":\"forward\",\"initValues\":{\"translateY\":84,\"rotateZ\":10},\"animations\":{\"translateY\":0,\"rotateZ\":0}}' data-split-options='{\"type\":\"lines\"}'><span class=\"ld-fh-txt\"> Acced\u00e9 a la mejor cobertura de salud para vos y tu familia<\/span><\/h6><\/div>[\/vc_column_inner][vc_column_inner width=&#8221;1\/3&#8243;]<style>.ld_button_69de18a645bb5.btn-icon-solid .btn-icon{background:rgb(255, 255, 255);}.ld_button_69de18a645bb5.btn-icon-circle.btn-icon-ripple .btn-icon:before{border-color:rgb(255, 255, 255);}.ld_button_69de18a645bb5.btn-icon-solid:hover .btn-icon{background:#008fd1;}.ld_button_69de18a645bb5{background-color:rgb(255, 255, 255);border-color:rgb(255, 255, 255);color:#008fd1;font-size:15px !important;letter-spacing:0.01em !important;}.ld_button_69de18a645bb5:hover{background-color:#008fd1;border-color:#008fd1;}.ld_button_69de18a645bb5 .btn-gradient-bg-hover{background:-webkit-linear-gradient(to right, #008fd1 0%, #008fd1 100%);background:linear-gradient(to right, #008fd1 0%, #008fd1 100%);}.ld_button_69de18a645bb5 .btn-gradient-border defs stop:first-child{stop-color:rgb(255, 255, 255);}.ld_button_69de18a645bb5 .btn-gradient-border defs stop:last-child{stop-color:rgb(255, 255, 255);}.ld_button_69de18a645bb5:hover .btn-gradient-border defs stop:first-child{stop-color:#008fd1;}.ld_button_69de18a645bb5:hover .btn-gradient-border defs stop:last-child{stop-color:#008fd1;}<\/style><a href=\"mailto:afiliacionesospl@gmail.com\" class=\"btn btn-solid round btn-bordered border-thin ld_button_69de18a645bb5 vc_custom_1730825418840\">\n\t<span>\n\t\t\n\t\t\t\t\t<span class=\"btn-txt\">Saber m\u00e1s<\/span>\n\t\t\t\n\t\t\t\t<\/span>\n<\/a>\n[\/vc_column_inner][\/vc_row_inner][\/vc_column][\/vc_row]<\/p>\n<\/section>","protected":false},"excerpt":{"rendered":"<p>[vc_row css=&#8221;.vc_custom_1692288943315{padding-top: 55px !important;padding-bottom: 15px !important;background-color: #008fd3 !important;}&#8221;][vc_column][vc_row_inner][vc_column_inner][vc_column_text] DISCAPACIDAD 2026 [\/vc_column_text][\/vc_column_inner][\/vc_row_inner][\/vc_column][\/vc_row][vc_row content_placement=&#8221;middle&#8221; css=&#8221;.vc_custom_1702331331033{padding-top: 80px !important;padding-bottom:&#8230;<\/p>\n","protected":false},"author":2,"featured_media":0,"parent":0,"menu_order":0,"comment_status":"closed","ping_status":"open","template":"","meta":{"footnotes":""},"_links":{"self":[{"href":"https:\/\/ospl.ar\/index.php\/wp-json\/wp\/v2\/pages\/4419"}],"collection":[{"href":"https:\/\/ospl.ar\/index.php\/wp-json\/wp\/v2\/pages"}],"about":[{"href":"https:\/\/ospl.ar\/index.php\/wp-json\/wp\/v2\/types\/page"}],"author":[{"embeddable":true,"href":"https:\/\/ospl.ar\/index.php\/wp-json\/wp\/v2\/users\/2"}],"replies":[{"embeddable":true,"href":"https:\/\/ospl.ar\/index.php\/wp-json\/wp\/v2\/comments?post=4419"}],"version-history":[{"count":85,"href":"https:\/\/ospl.ar\/index.php\/wp-json\/wp\/v2\/pages\/4419\/revisions"}],"predecessor-version":[{"id":5033,"href":"https:\/\/ospl.ar\/index.php\/wp-json\/wp\/v2\/pages\/4419\/revisions\/5033"}],"wp:attachment":[{"href":"https:\/\/ospl.ar\/index.php\/wp-json\/wp\/v2\/media?parent=4419"}],"curies":[{"name":"wp","href":"https:\/\/api.w.org\/{rel}","templated":true}]}}